{"id":671,"date":"2022-09-12T09:47:43","date_gmt":"2022-09-12T09:47:43","guid":{"rendered":"https:\/\/sapsa.cr\/?post_type=product&#038;p=671"},"modified":"2023-03-29T14:46:18","modified_gmt":"2023-03-29T14:46:18","slug":"pue-h315-indicador-de-peso","status":"publish","type":"product","link":"https:\/\/sapsa.cr\/index.php\/product\/pue-h315-indicador-de-peso\/","title":{"rendered":"PUE H315 Indicador de peso"},"content":{"rendered":"<p><strong><span style=\"color: #ff0000;\">Ergonom\u00eda y durabilidad del trabajo<\/span><\/strong><\/p>\n<p>Un nuevo dise\u00f1o de la carcasa convierte al indicador\u00a0en un dispositivo compacto, lo que influye positivamente en la comodidad de funcionamiento. Otra facilidad \u00fatil es la multifuncional, esta caracter\u00edstica permite operar el dispositivo cuando se coloca sobre una mesa o se monta en un poste. En cualquier caso, la regulaci\u00f3n de inclinaci\u00f3n est\u00e1 disponible. Dicha regulaci\u00f3n de inclinaci\u00f3n tambi\u00e9n es una comodidad que ofrece un soporte de montaje en pared.<\/p>\n<p>Adem\u00e1s, el alto grado de protecci\u00f3n de ingreso, que es la caracter\u00edstica b\u00e1sica de la indicador, significa un funcionamiento sin fallas en las duras condiciones industriales.<\/p>\n<p><img loading=\"lazy\" decoding=\"async\" class=\"alignnone size-medium wp-image-670\" src=\"https:\/\/sapsa.cr\/wp-content\/uploads\/2022\/09\/PUE-H315-indicador-de-peso-300x300.jpg\" alt=\"\" width=\"300\" height=\"300\" srcset=\"https:\/\/sapsa.cr\/wp-content\/uploads\/2022\/09\/PUE-H315-indicador-de-peso-300x300.jpg 300w, https:\/\/sapsa.cr\/wp-content\/uploads\/2022\/09\/PUE-H315-indicador-de-peso-150x150.jpg 150w, https:\/\/sapsa.cr\/wp-content\/uploads\/2022\/09\/PUE-H315-indicador-de-peso-768x768.jpg 768w, https:\/\/sapsa.cr\/wp-content\/uploads\/2022\/09\/PUE-H315-indicador-de-peso-100x100.jpg 100w, https:\/\/sapsa.cr\/wp-content\/uploads\/2022\/09\/PUE-H315-indicador-de-peso-600x600.jpg 600w, https:\/\/sapsa.cr\/wp-content\/uploads\/2022\/09\/PUE-H315-indicador-de-peso.jpg 800w\" sizes=\"auto, (max-width: 300px) 100vw, 300px\" \/><\/p>\n<p><strong>Modos de trabajo y funciones<\/strong><\/p>\n<p>El indicador\u00a0ha sido equipado con numerosos modos de trabajo: conteo de piezas, control +\/-, pesaje porcentual, totalizaci\u00f3n, retenci\u00f3n de indicaci\u00f3n m\u00e1xima y pesaje de animales.<\/p>\n<p>Adem\u00e1s, permite la definici\u00f3n de impresiones simples de acuerdo con los procedimientos GLP y cuenta con pesaje y memoria ALIBI con opci\u00f3n de exportaci\u00f3n, reloj en tiempo real y amplias funciones de tara.<\/p>\n<p>&nbsp;<\/p>\n<p><strong>Interfaces de comunicaci\u00f3n y cooperaci\u00f3n con dispositivos externos<\/strong><\/p>\n<p>La posibilidad de dotar al indicador de interfaces adicionales facilita su adaptaci\u00f3n a las necesidades del cliente. Esto facilita especialmente la comunicaci\u00f3n con columnas de se\u00f1ales y los botones externos que controlan las funciones de la balanza (puesta a cero, tara e impresi\u00f3n) y la integraci\u00f3n con sistemas de automatizaci\u00f3n sencillos.<\/p>\n<p>El indicador\u00a0permite la comunicaci\u00f3n con dispositivos externos como una impresora de recibos, una pantalla adicional, un ordenador o una unidad flash USB.<\/p>\n<p>&nbsp;<\/p>\n<p><strong>La bater\u00eda como fuente de alimentaci\u00f3n opcional<\/strong><\/p>\n<p>El uso de la bater\u00eda opcional permite que el indicador PUE H315\u00a0funcione incluso cuando no hay fuente de alimentaci\u00f3n inestable o no.<\/p>\n<p>&nbsp;<\/p>\n<p><strong>Funciones<\/strong><\/p>\n<ul>\n<li>Control de m\u00e1s\/meno<\/li>\n<li>Pesaje porcentual<\/li>\n<li>Totalizaci\u00f3n<\/li>\n<li>Recuento de piezas<\/li>\n<li>Bater\u00eda interna<\/li>\n<li>Retenci\u00f3n de picos<\/li>\n<li>Procedimientos GLP<\/li>\n<li>Pesaje de animales<\/li>\n<li>Memoria ALIBI<\/li>\n<\/ul>\n","protected":false},"excerpt":{"rendered":"<p>El indicador est\u00e1 destinado a ser un componente de una amplia gama de b\u00e1sculas industriales, desde peque\u00f1as balanzas de mesa, pasando por b\u00e1sculas de plataforma, rampa, carriles y paletas, hasta b\u00e1sculas para ganado. Las balanzas est\u00e1n equipadas con una carcasa de acero inoxidable de alta protecci\u00f3n contra ingreso, IP 66 \/ IP 67 \/ IP 69. De serie el indicador cuenta con interfaces RS 232 y USB.<\/p>\n<p><a href=\"https:\/\/tupunatron.com\/wp-content\/uploads\/2022\/02\/FT-PUE-H315-indicador-de-pesaje.pdf\">PUE H315 Descargar folleto t\u00e9cnico<\/a><\/p>\n<p>https:\/\/youtu.be\/WSF9qFiB5vc<\/p>\n","protected":false},"featured_media":670,"comment_status":"open","ping_status":"closed","template":"","meta":[],"product_cat":[31],"product_tag":[],"class_list":{"0":"post-671","1":"product","2":"type-product","3":"status-publish","4":"has-post-thumbnail","6":"product_cat-indicadores-y-controladores","8":"first","9":"instock","10":"taxable","11":"shipping-taxable","12":"product-type-simple"},"jetpack_sharing_enabled":true,"_links":{"self":[{"href":"https:\/\/sapsa.cr\/index.php\/wp-json\/wp\/v2\/product\/671","targetHints":{"allow":["GET"]}}],"collection":[{"href":"https:\/\/sapsa.cr\/index.php\/wp-json\/wp\/v2\/product"}],"about":[{"href":"https:\/\/sapsa.cr\/index.php\/wp-json\/wp\/v2\/types\/product"}],"replies":[{"embeddable":true,"href":"https:\/\/sapsa.cr\/index.php\/wp-json\/wp\/v2\/comments?post=671"}],"wp:featuredmedia":[{"embeddable":true,"href":"https:\/\/sapsa.cr\/index.php\/wp-json\/wp\/v2\/media\/670"}],"wp:attachment":[{"href":"https:\/\/sapsa.cr\/index.php\/wp-json\/wp\/v2\/media?parent=671"}],"wp:term":[{"taxonomy":"product_cat","embeddable":true,"href":"https:\/\/sapsa.cr\/index.php\/wp-json\/wp\/v2\/product_cat?post=671"},{"taxonomy":"product_tag","embeddable":true,"href":"https:\/\/sapsa.cr\/index.php\/wp-json\/wp\/v2\/product_tag?post=671"}],"curies":[{"name":"wp","href":"https:\/\/api.w.org\/{rel}","templated":true}]}}