{"id":665,"date":"2022-09-02T07:08:41","date_gmt":"2022-09-02T07:08:41","guid":{"rendered":"https:\/\/sapsa.cr\/?post_type=product&#038;p=665"},"modified":"2022-09-02T07:23:29","modified_gmt":"2022-09-02T07:23:29","slug":"w70-controlador-de-pesaje","status":"publish","type":"product","link":"https:\/\/sapsa.cr\/index.php\/product\/w70-controlador-de-pesaje\/","title":{"rendered":"W70 Controlador de pesaje"},"content":{"rendered":"<p>Pantalla en color y t\u00e1ctil TFT de 7\u2033 para aplicaciones industriales y de veh\u00edculos. Potente procesador basado en el sistema operativo Linux. Maneja celdas anal\u00f3gicas y digitales (RS485). Versi\u00f3n de carcasa sobre escritorio o montaje en tablero.<\/p>\n<p><strong>Indicador\/Controlador de pesaje para aplicaciones pesa-camiones y pesa-ejes<\/strong><\/p>\n<ul>\n<li>Indicador \/ controlador de peso con pantalla en color y t\u00e1ctil TFT de 7 \u00bb para aplicaciones industriales y metrol\u00f3gicas<\/li>\n<li>Potente procesador 32 bits con optimizaci\u00f3n basada en el sistema operativo Linux.<\/li>\n<li>Dise\u00f1ado para celdas de carga anal\u00f3gicas y digitales (RS485).<\/li>\n<li>El tama\u00f1o compacto permite suministrarlo en versi\u00f3n con carcasa o para tablero.<\/li>\n<\/ul>\n<p><strong>Con opci\u00f3n de software<\/strong>:<\/p>\n<ul>\n<li>Pesa-camiones para b\u00e1sculas-puente<\/li>\n<li>Pesa-Ejes (suma de ejes y totalizador)<\/li>\n<li>Peso-tara\/Cuenta-piezas para plataformas<\/li>\n<\/ul>\n<p><strong>Hardware adicional<\/strong>:<\/p>\n<ul>\n<li>Placa adicional de 4 entradas \/ salidas rel\u00e9s<\/li>\n<li>USB Host para conexi\u00f3n a PC<\/li>\n<li>Adicional Ethernet<\/li>\n<li>Placa de comunicaciones Wi-Fi<\/li>\n<li>Interface para comunicaci\u00f3n GPRS<\/li>\n<\/ul>\n","protected":false},"excerpt":{"rendered":"<p>Controlador de pesaje para veh\u00edculos \u2013 camiones o pesa-ejes<\/p>\n<ul>\n<li>Un (1) puerto RS-232<\/li>\n<li>Un (1) puerto RS-485<\/li>\n<li>Memora Alibi<\/li>\n<li>Acepta celdas anal\u00f3gicas \/ digitales<br \/>\n<a href=\"https:\/\/sapsa.cr\/wp-content\/uploads\/2022\/09\/FT-W70-controlador-peso.pdf\" target=\"_blank\" rel=\"noopener\">Folleto T\u00e9cnico<\/a><\/li>\n<\/ul>\n","protected":false},"featured_media":608,"comment_status":"open","ping_status":"closed","template":"","meta":[],"product_cat":[31],"product_tag":[],"class_list":{"0":"post-665","1":"product","2":"type-product","3":"status-publish","4":"has-post-thumbnail","6":"product_cat-indicadores-y-controladores","8":"first","9":"instock","10":"taxable","11":"shipping-taxable","12":"product-type-simple"},"jetpack_sharing_enabled":true,"_links":{"self":[{"href":"https:\/\/sapsa.cr\/index.php\/wp-json\/wp\/v2\/product\/665","targetHints":{"allow":["GET"]}}],"collection":[{"href":"https:\/\/sapsa.cr\/index.php\/wp-json\/wp\/v2\/product"}],"about":[{"href":"https:\/\/sapsa.cr\/index.php\/wp-json\/wp\/v2\/types\/product"}],"replies":[{"embeddable":true,"href":"https:\/\/sapsa.cr\/index.php\/wp-json\/wp\/v2\/comments?post=665"}],"wp:featuredmedia":[{"embeddable":true,"href":"https:\/\/sapsa.cr\/index.php\/wp-json\/wp\/v2\/media\/608"}],"wp:attachment":[{"href":"https:\/\/sapsa.cr\/index.php\/wp-json\/wp\/v2\/media?parent=665"}],"wp:term":[{"taxonomy":"product_cat","embeddable":true,"href":"https:\/\/sapsa.cr\/index.php\/wp-json\/wp\/v2\/product_cat?post=665"},{"taxonomy":"product_tag","embeddable":true,"href":"https:\/\/sapsa.cr\/index.php\/wp-json\/wp\/v2\/product_tag?post=665"}],"curies":[{"name":"wp","href":"https:\/\/api.w.org\/{rel}","templated":true}]}}