{"id":309,"date":"2022-02-27T19:46:07","date_gmt":"2022-02-27T19:46:07","guid":{"rendered":"https:\/\/sapsa.cr\/?post_type=product&#038;p=309"},"modified":"2022-02-27T19:46:07","modified_gmt":"2022-02-27T19:46:07","slug":"wts-cc","status":"publish","type":"product","link":"https:\/\/sapsa.cr\/index.php\/product\/wts-cc\/","title":{"rendered":"WTS\/CC"},"content":{"rendered":"<p><img loading=\"lazy\" decoding=\"async\" class=\"alignnone size-medium wp-image-310\" src=\"https:\/\/sapsa.cr\/wp-content\/uploads\/2022\/02\/prod_182-300x204.jpg\" alt=\"\" width=\"300\" height=\"204\" srcset=\"https:\/\/sapsa.cr\/wp-content\/uploads\/2022\/02\/prod_182-300x204.jpg 300w, https:\/\/sapsa.cr\/wp-content\/uploads\/2022\/02\/prod_182-768x522.jpg 768w, https:\/\/sapsa.cr\/wp-content\/uploads\/2022\/02\/prod_182-600x408.jpg 600w, https:\/\/sapsa.cr\/wp-content\/uploads\/2022\/02\/prod_182.jpg 800w\" sizes=\"auto, (max-width: 300px) 100vw, 300px\" \/> <img loading=\"lazy\" decoding=\"async\" class=\"alignnone size-medium wp-image-311\" src=\"https:\/\/sapsa.cr\/wp-content\/uploads\/2022\/02\/prod_183-300x204.jpg\" alt=\"\" width=\"300\" height=\"204\" srcset=\"https:\/\/sapsa.cr\/wp-content\/uploads\/2022\/02\/prod_183-300x204.jpg 300w, https:\/\/sapsa.cr\/wp-content\/uploads\/2022\/02\/prod_183-768x522.jpg 768w, https:\/\/sapsa.cr\/wp-content\/uploads\/2022\/02\/prod_183-600x408.jpg 600w, https:\/\/sapsa.cr\/wp-content\/uploads\/2022\/02\/prod_183.jpg 800w\" sizes=\"auto, (max-width: 300px) 100vw, 300px\" \/><br \/>\n<strong>B\u00c1SCULA PUENTE ACERO\/HORMIG\u00d3N<\/strong><\/p>\n<ul>\n<li style=\"list-style-type: none;\">\n<ul>\n<li style=\"list-style-type: none;\">\n<ul>\n<li>Dimensiones desde 6x3m hasta 21x3m<\/li>\n<li>Paneles modulares compuestos de vigas IPE\/IPN, malla electro soldada, encofrado met\u00e1lico y hormig\u00f3n clase de resistencia C30\/37 (paneles hormigonados de f\u00e1brica)<\/li>\n<li>Se acede \u00e0 las c\u00e9lulas de carga y \u00e0 la caja de conexiones a trav\u00e9s de las tapas removibles en la superficie de rodadura<\/li>\n<li>C\u00e9lulas de carga de compresi\u00f3n de columna giratoria autocentrante en acero inoxidable\u00a0<u>IP68\/IP69K digitales con protecci\u00f3n anti roedor modelo TC-DC 4000d OIML R60<\/u><br \/>\nEn opci\u00f3n c\u00e9lulas anal\u00f3gicas modelo TC-A 4000d OIML R60 acero inoxidable IP68\/IP69K con caja de conexiones IP68 y cable anti roedor<\/li>\n<li>Acabado en pintura industrial color RAL 7021 despu\u00e9s de decapado por proceso de granalla de acero o por galvanizaci\u00f3n en caliente (opci\u00f3n)<\/li>\n<\/ul>\n<\/li>\n<\/ul>\n<\/li>\n<\/ul>\n","protected":false},"excerpt":{"rendered":"<p><iframe loading=\"lazy\" title=\"vimeo-player\" src=\"https:\/\/player.vimeo.com\/video\/295385874?h=6063ba633c\" width=\"640\" height=\"360\" frameborder=\"0\" allowfullscreen=\"allowfullscreen\"><\/iframe><\/p>\n","protected":false},"featured_media":310,"comment_status":"open","ping_status":"closed","template":"","meta":[],"product_cat":[28],"product_tag":[],"class_list":{"0":"post-309","1":"product","2":"type-product","3":"status-publish","4":"has-post-thumbnail","6":"product_cat-basculas-camioneras","8":"first","9":"instock","10":"taxable","11":"shipping-taxable","12":"product-type-simple"},"jetpack_sharing_enabled":true,"_links":{"self":[{"href":"https:\/\/sapsa.cr\/index.php\/wp-json\/wp\/v2\/product\/309","targetHints":{"allow":["GET"]}}],"collection":[{"href":"https:\/\/sapsa.cr\/index.php\/wp-json\/wp\/v2\/product"}],"about":[{"href":"https:\/\/sapsa.cr\/index.php\/wp-json\/wp\/v2\/types\/product"}],"replies":[{"embeddable":true,"href":"https:\/\/sapsa.cr\/index.php\/wp-json\/wp\/v2\/comments?post=309"}],"wp:featuredmedia":[{"embeddable":true,"href":"https:\/\/sapsa.cr\/index.php\/wp-json\/wp\/v2\/media\/310"}],"wp:attachment":[{"href":"https:\/\/sapsa.cr\/index.php\/wp-json\/wp\/v2\/media?parent=309"}],"wp:term":[{"taxonomy":"product_cat","embeddable":true,"href":"https:\/\/sapsa.cr\/index.php\/wp-json\/wp\/v2\/product_cat?post=309"},{"taxonomy":"product_tag","embeddable":true,"href":"https:\/\/sapsa.cr\/index.php\/wp-json\/wp\/v2\/product_tag?post=309"}],"curies":[{"name":"wp","href":"https:\/\/api.w.org\/{rel}","templated":true}]}}