{"id":303,"date":"2022-02-27T19:36:15","date_gmt":"2022-02-27T19:36:15","guid":{"rendered":"https:\/\/sapsa.cr\/?post_type=product&#038;p=303"},"modified":"2022-02-27T19:47:58","modified_gmt":"2022-02-27T19:47:58","slug":"wts-m","status":"publish","type":"product","link":"https:\/\/sapsa.cr\/index.php\/product\/wts-m\/","title":{"rendered":"WTS\/M"},"content":{"rendered":"<p><img loading=\"lazy\" decoding=\"async\" class=\"alignnone size-medium wp-image-304\" src=\"https:\/\/sapsa.cr\/wp-content\/uploads\/2022\/02\/prod_121-300x225.jpg\" alt=\"\" width=\"300\" height=\"225\" srcset=\"https:\/\/sapsa.cr\/wp-content\/uploads\/2022\/02\/prod_121-300x225.jpg 300w, https:\/\/sapsa.cr\/wp-content\/uploads\/2022\/02\/prod_121-768x576.jpg 768w, https:\/\/sapsa.cr\/wp-content\/uploads\/2022\/02\/prod_121-600x450.jpg 600w, https:\/\/sapsa.cr\/wp-content\/uploads\/2022\/02\/prod_121.jpg 800w\" sizes=\"auto, (max-width: 300px) 100vw, 300px\" \/> <img loading=\"lazy\" decoding=\"async\" class=\"alignnone size-medium wp-image-305\" src=\"https:\/\/sapsa.cr\/wp-content\/uploads\/2022\/02\/prod_122-300x225.jpg\" alt=\"\" width=\"300\" height=\"225\" srcset=\"https:\/\/sapsa.cr\/wp-content\/uploads\/2022\/02\/prod_122-300x225.jpg 300w, https:\/\/sapsa.cr\/wp-content\/uploads\/2022\/02\/prod_122-768x576.jpg 768w, https:\/\/sapsa.cr\/wp-content\/uploads\/2022\/02\/prod_122-600x450.jpg 600w, https:\/\/sapsa.cr\/wp-content\/uploads\/2022\/02\/prod_122.jpg 800w\" sizes=\"auto, (max-width: 300px) 100vw, 300px\" \/><\/p>\n<ul>\n<li>Dimensiones desde 6x3m hasta 21x3m<\/li>\n<li>Paneles modulares compuestos de vigas IPE\/IPN<\/li>\n<li>Superficie de rodadura en chapa lagrimada en acero de alto espesor 6\/8mm<\/li>\n<li>Se acede \u00e0 las c\u00e9lulas de carga y \u00e0 la caja de conexiones a trav\u00e9s de las tapas removibles en la superficie de rodadura<\/li>\n<li>C\u00e9lulas de carga de compresi\u00f3n de columna giratoria autocentrante en acero inoxidable IP68\/IP69K digitales con protecci\u00f3n anti roedor modelo TC-DC 4000d OIML R60<\/li>\n<li>En opci\u00f3n c\u00e9lulas anal\u00f3gicas modelo TC-A 4000d OIML R60 acero inoxidable IP68\/IP69K con caja de conexiones IP68 y cable anti roedor<\/li>\n<li>Acabado en pintura industrial color RAL 7021 despu\u00e9s de decapado por proceso de granalla de acero o por galvanizaci\u00f3n en caliente (opci\u00f3n)<\/li>\n<li>Adaptada para un r\u00e9gimen de uso intensivo<\/li>\n<\/ul>\n","protected":false},"excerpt":{"rendered":"<p><iframe loading=\"lazy\" title=\"vimeo-player\" src=\"https:\/\/player.vimeo.com\/video\/295385874?h=6063ba633c\" width=\"640\" height=\"360\" frameborder=\"0\" allowfullscreen=\"allowfullscreen\"><\/iframe><\/p>\n","protected":false},"featured_media":304,"comment_status":"open","ping_status":"closed","template":"","meta":[],"product_cat":[28],"product_tag":[],"class_list":{"0":"post-303","1":"product","2":"type-product","3":"status-publish","4":"has-post-thumbnail","6":"product_cat-basculas-camioneras","8":"first","9":"instock","10":"taxable","11":"shipping-taxable","12":"product-type-simple"},"jetpack_sharing_enabled":true,"_links":{"self":[{"href":"https:\/\/sapsa.cr\/index.php\/wp-json\/wp\/v2\/product\/303","targetHints":{"allow":["GET"]}}],"collection":[{"href":"https:\/\/sapsa.cr\/index.php\/wp-json\/wp\/v2\/product"}],"about":[{"href":"https:\/\/sapsa.cr\/index.php\/wp-json\/wp\/v2\/types\/product"}],"replies":[{"embeddable":true,"href":"https:\/\/sapsa.cr\/index.php\/wp-json\/wp\/v2\/comments?post=303"}],"wp:featuredmedia":[{"embeddable":true,"href":"https:\/\/sapsa.cr\/index.php\/wp-json\/wp\/v2\/media\/304"}],"wp:attachment":[{"href":"https:\/\/sapsa.cr\/index.php\/wp-json\/wp\/v2\/media?parent=303"}],"wp:term":[{"taxonomy":"product_cat","embeddable":true,"href":"https:\/\/sapsa.cr\/index.php\/wp-json\/wp\/v2\/product_cat?post=303"},{"taxonomy":"product_tag","embeddable":true,"href":"https:\/\/sapsa.cr\/index.php\/wp-json\/wp\/v2\/product_tag?post=303"}],"curies":[{"name":"wp","href":"https:\/\/api.w.org\/{rel}","templated":true}]}}