{"id":267,"date":"2022-02-27T18:25:21","date_gmt":"2022-02-27T18:25:21","guid":{"rendered":"https:\/\/sapsa.cr\/?post_type=product&#038;p=267"},"modified":"2022-02-27T18:26:00","modified_gmt":"2022-02-27T18:26:00","slug":"balanza-transpaletas-trp","status":"publish","type":"product","link":"https:\/\/sapsa.cr\/index.php\/product\/balanza-transpaletas-trp\/","title":{"rendered":"Balanza transpaletas TRP"},"content":{"rendered":"<p><img loading=\"lazy\" decoding=\"async\" class=\"alignnone size-medium wp-image-269\" src=\"https:\/\/sapsa.cr\/wp-content\/uploads\/2022\/02\/prod_83-276x300.png\" alt=\"\" width=\"276\" height=\"300\" srcset=\"https:\/\/sapsa.cr\/wp-content\/uploads\/2022\/02\/prod_83-276x300.png 276w, https:\/\/sapsa.cr\/wp-content\/uploads\/2022\/02\/prod_83.png 330w\" sizes=\"auto, (max-width: 276px) 100vw, 276px\" \/><\/p>\n<p>Pal\u00e9s con balanza incorporada de gran resistencia a sobrecargas y golpes. Evita el transporte de mercanc\u00edas hasta la balanza. Puede trabajar en ambientes muy agresivos con gran eficacia.<\/p>\n<p>Este equipo puede llevar incorporada una impresora o enviar los datos por radio a un PC\/ impresora a distancia. Existe en dos versiones en pintura industrial y totalmente en acero inoxidable.<\/p>\n<p>El peso se indica a trav\u00e9s de una terminal electr\u00f3nica situada a bordo del transpaletas y conectada a una alimentaci\u00f3n aut\u00f3noma de 120 horas.<\/p>\n<p>El sistema de pesaje est\u00e1 compuesto por cuatro c\u00e9lulas de carga de alta precisi\u00f3n.<\/p>\n<p>Est\u00e1 equipado con dispositivos de seguridad.<\/p>\n","protected":false},"excerpt":{"rendered":"<p>Pal\u00e9s con balanza incorporada de gran resistencia a sobrecargas y golpes. Evita el transporte de mercanc\u00edas hasta la balanza. Puede trabajar en ambientes muy agresivos con gran eficacia. Este equipo puede llevar incorporada una impresora o enviar los datos por radio a un PC\/ impresora a distancia. Existe en dos versiones en pintura industrial y [&hellip;]<\/p>\n","protected":false},"featured_media":269,"comment_status":"open","ping_status":"closed","template":"","meta":[],"product_cat":[25],"product_tag":[],"class_list":{"0":"post-267","1":"product","2":"type-product","3":"status-publish","4":"has-post-thumbnail","6":"product_cat-industrial","8":"first","9":"instock","10":"taxable","11":"shipping-taxable","12":"product-type-simple"},"jetpack_sharing_enabled":true,"_links":{"self":[{"href":"https:\/\/sapsa.cr\/index.php\/wp-json\/wp\/v2\/product\/267","targetHints":{"allow":["GET"]}}],"collection":[{"href":"https:\/\/sapsa.cr\/index.php\/wp-json\/wp\/v2\/product"}],"about":[{"href":"https:\/\/sapsa.cr\/index.php\/wp-json\/wp\/v2\/types\/product"}],"replies":[{"embeddable":true,"href":"https:\/\/sapsa.cr\/index.php\/wp-json\/wp\/v2\/comments?post=267"}],"wp:featuredmedia":[{"embeddable":true,"href":"https:\/\/sapsa.cr\/index.php\/wp-json\/wp\/v2\/media\/269"}],"wp:attachment":[{"href":"https:\/\/sapsa.cr\/index.php\/wp-json\/wp\/v2\/media?parent=267"}],"wp:term":[{"taxonomy":"product_cat","embeddable":true,"href":"https:\/\/sapsa.cr\/index.php\/wp-json\/wp\/v2\/product_cat?post=267"},{"taxonomy":"product_tag","embeddable":true,"href":"https:\/\/sapsa.cr\/index.php\/wp-json\/wp\/v2\/product_tag?post=267"}],"curies":[{"name":"wp","href":"https:\/\/api.w.org\/{rel}","templated":true}]}}