{"id":239,"date":"2022-02-27T03:50:56","date_gmt":"2022-02-27T03:50:56","guid":{"rendered":"https:\/\/sapsa.cr\/?post_type=product&#038;p=239"},"modified":"2022-02-27T03:50:56","modified_gmt":"2022-02-27T03:50:56","slug":"balanza-comercial-ma","status":"publish","type":"product","link":"https:\/\/sapsa.cr\/index.php\/product\/balanza-comercial-ma\/","title":{"rendered":"Balanza Comercial MA"},"content":{"rendered":"<p><img loading=\"lazy\" decoding=\"async\" class=\"alignnone size-medium wp-image-240\" src=\"https:\/\/sapsa.cr\/wp-content\/uploads\/2022\/02\/prod_73-300x225.jpg\" alt=\"\" width=\"300\" height=\"225\" srcset=\"https:\/\/sapsa.cr\/wp-content\/uploads\/2022\/02\/prod_73-300x225.jpg 300w, https:\/\/sapsa.cr\/wp-content\/uploads\/2022\/02\/prod_73-768x576.jpg 768w, https:\/\/sapsa.cr\/wp-content\/uploads\/2022\/02\/prod_73-600x450.jpg 600w, https:\/\/sapsa.cr\/wp-content\/uploads\/2022\/02\/prod_73.jpg 800w\" sizes=\"auto, (max-width: 300px) 100vw, 300px\" \/><\/p>\n<p>Balanzas espec\u00edficas para el mercado del pesaje comercial &#8220;Precio Peso&#8221; tanto para uso en comercios tradicionales como en s\u00faper e hipermercados. Con acabados en \u201cABS\u201d y en acero inoxidable, tanto balanzas simples con impresora y sin ella como b\u00e1sculas con etiquetado e interconectables.<\/p>\n<p>La balanza MA de bajo consumo, interconectada, con acabado en acero inoxidable o ABS, indicador PESO-PRECIO-IMPORTANCIA, con impresora t\u00e9rmica de tique. Equipo ideal para trabajar en mercados ambulantes o instalaciones fijas, con bater\u00eda interna de gran capacidad y autonom\u00eda de 150 h, con posibilidad de conexi\u00f3n a PC para la configuraci\u00f3n y transmisi\u00f3n de datos de resumen de ventas.<\/p>\n","protected":false},"excerpt":{"rendered":"<p>Balanzas espec\u00edficas para el mercado del pesaje comercial &#8220;Precio Peso&#8221; tanto para uso en comercios tradicionales como en s\u00faper e hipermercados. Con acabados en \u201cABS\u201d y en acero inoxidable, tanto balanzas simples con impresora y sin ella como b\u00e1sculas con etiquetado e interconectables. La balanza MA de bajo consumo, interconectada, con acabado en acero inoxidable [&hellip;]<\/p>\n","protected":false},"featured_media":240,"comment_status":"open","ping_status":"closed","template":"","meta":[],"product_cat":[21],"product_tag":[],"class_list":{"0":"post-239","1":"product","2":"type-product","3":"status-publish","4":"has-post-thumbnail","6":"product_cat-comercial","8":"first","9":"instock","10":"taxable","11":"shipping-taxable","12":"product-type-simple"},"jetpack_sharing_enabled":true,"_links":{"self":[{"href":"https:\/\/sapsa.cr\/index.php\/wp-json\/wp\/v2\/product\/239","targetHints":{"allow":["GET"]}}],"collection":[{"href":"https:\/\/sapsa.cr\/index.php\/wp-json\/wp\/v2\/product"}],"about":[{"href":"https:\/\/sapsa.cr\/index.php\/wp-json\/wp\/v2\/types\/product"}],"replies":[{"embeddable":true,"href":"https:\/\/sapsa.cr\/index.php\/wp-json\/wp\/v2\/comments?post=239"}],"wp:featuredmedia":[{"embeddable":true,"href":"https:\/\/sapsa.cr\/index.php\/wp-json\/wp\/v2\/media\/240"}],"wp:attachment":[{"href":"https:\/\/sapsa.cr\/index.php\/wp-json\/wp\/v2\/media?parent=239"}],"wp:term":[{"taxonomy":"product_cat","embeddable":true,"href":"https:\/\/sapsa.cr\/index.php\/wp-json\/wp\/v2\/product_cat?post=239"},{"taxonomy":"product_tag","embeddable":true,"href":"https:\/\/sapsa.cr\/index.php\/wp-json\/wp\/v2\/product_tag?post=239"}],"curies":[{"name":"wp","href":"https:\/\/api.w.org\/{rel}","templated":true}]}}