{"id":229,"date":"2022-02-27T03:40:20","date_gmt":"2022-02-27T03:40:20","guid":{"rendered":"https:\/\/sapsa.cr\/?post_type=product&#038;p=229"},"modified":"2022-02-27T03:40:46","modified_gmt":"2022-02-27T03:40:46","slug":"balanza-cuenta-piezas-y-sistema-de-cuenta-ctw","status":"publish","type":"product","link":"https:\/\/sapsa.cr\/index.php\/product\/balanza-cuenta-piezas-y-sistema-de-cuenta-ctw\/","title":{"rendered":"Balanza cuenta piezas y sistema de cuenta CTW"},"content":{"rendered":"<p><img loading=\"lazy\" decoding=\"async\" class=\"alignnone size-medium wp-image-230\" src=\"https:\/\/sapsa.cr\/wp-content\/uploads\/2022\/02\/prod_120-300x267.jpg\" alt=\"\" width=\"300\" height=\"267\" srcset=\"https:\/\/sapsa.cr\/wp-content\/uploads\/2022\/02\/prod_120-300x267.jpg 300w, https:\/\/sapsa.cr\/wp-content\/uploads\/2022\/02\/prod_120.jpg 600w\" sizes=\"auto, (max-width: 300px) 100vw, 300px\" \/><\/p>\n<p><strong>3 pantallas LCD<\/strong>\u00a0con peso total, peso por pieza y unidades totales<br \/>\n<strong>Bater\u00eda interior autocargable<\/strong>\u00a0con autonom\u00eda de funcionamiento de 80 h, lo que confiere movilidad total<br \/>\n<strong>Recuento exacto<\/strong>\u00a0optimizaci\u00f3n autom\u00e1tica de las referencias, con selecci\u00f3n del muestreo pretendido<br \/>\n<strong>Con el segundo canal para conectar a una 2\u00aa plataforma<\/strong>\u00a0para el recuento de grandes cantidades y salida RS232 para conectar a la impresora o transmisi\u00f3n de datos al PC.<br \/>\n<strong>Opci\u00f3n<\/strong>: OP-CTW-PR impresora t\u00e9rmica, 260 \u20ac<br \/>\nConsulte las diferentes posibilidades de conjugaci\u00f3n de plataforma.<\/p>\n","protected":false},"excerpt":{"rendered":"<p>3 pantallas LCD\u00a0con peso total, peso por pieza y unidades totales Bater\u00eda interior autocargable\u00a0con autonom\u00eda de funcionamiento de 80 h, lo que confiere movilidad total Recuento exacto\u00a0optimizaci\u00f3n autom\u00e1tica de las referencias, con selecci\u00f3n del muestreo pretendido Con el segundo canal para conectar a una 2\u00aa plataforma\u00a0para el recuento de grandes cantidades y salida RS232 para [&hellip;]<\/p>\n","protected":false},"featured_media":230,"comment_status":"open","ping_status":"closed","template":"","meta":[],"product_cat":[21],"product_tag":[],"class_list":{"0":"post-229","1":"product","2":"type-product","3":"status-publish","4":"has-post-thumbnail","6":"product_cat-comercial","8":"first","9":"instock","10":"taxable","11":"shipping-taxable","12":"product-type-simple"},"jetpack_sharing_enabled":true,"_links":{"self":[{"href":"https:\/\/sapsa.cr\/index.php\/wp-json\/wp\/v2\/product\/229","targetHints":{"allow":["GET"]}}],"collection":[{"href":"https:\/\/sapsa.cr\/index.php\/wp-json\/wp\/v2\/product"}],"about":[{"href":"https:\/\/sapsa.cr\/index.php\/wp-json\/wp\/v2\/types\/product"}],"replies":[{"embeddable":true,"href":"https:\/\/sapsa.cr\/index.php\/wp-json\/wp\/v2\/comments?post=229"}],"wp:featuredmedia":[{"embeddable":true,"href":"https:\/\/sapsa.cr\/index.php\/wp-json\/wp\/v2\/media\/230"}],"wp:attachment":[{"href":"https:\/\/sapsa.cr\/index.php\/wp-json\/wp\/v2\/media?parent=229"}],"wp:term":[{"taxonomy":"product_cat","embeddable":true,"href":"https:\/\/sapsa.cr\/index.php\/wp-json\/wp\/v2\/product_cat?post=229"},{"taxonomy":"product_tag","embeddable":true,"href":"https:\/\/sapsa.cr\/index.php\/wp-json\/wp\/v2\/product_tag?post=229"}],"curies":[{"name":"wp","href":"https:\/\/api.w.org\/{rel}","templated":true}]}}