{"id":127,"date":"2022-02-26T23:02:19","date_gmt":"2022-02-26T23:02:19","guid":{"rendered":"https:\/\/sapsa.cr\/?post_type=product&#038;p=127"},"modified":"2022-02-27T01:04:02","modified_gmt":"2022-02-27T01:04:02","slug":"balanza-uwe-modelo-dw","status":"publish","type":"product","link":"https:\/\/sapsa.cr\/index.php\/product\/balanza-uwe-modelo-dw\/","title":{"rendered":"Balanza UWE modelo DW"},"content":{"rendered":"<p><img loading=\"lazy\" decoding=\"async\" class=\"alignnone size-medium wp-image-129\" src=\"https:\/\/sapsa.cr\/wp-content\/uploads\/2022\/02\/Uwe-DW6000-300x212.png\" alt=\"\" width=\"300\" height=\"212\" srcset=\"https:\/\/sapsa.cr\/wp-content\/uploads\/2022\/02\/Uwe-DW6000-300x212.png 300w, https:\/\/sapsa.cr\/wp-content\/uploads\/2022\/02\/Uwe-DW6000-768x542.png 768w, https:\/\/sapsa.cr\/wp-content\/uploads\/2022\/02\/Uwe-DW6000-600x423.png 600w, https:\/\/sapsa.cr\/wp-content\/uploads\/2022\/02\/Uwe-DW6000.png 792w\" sizes=\"auto, (max-width: 300px) 100vw, 300px\" \/><\/p>\n<p>-Capacidad: 6000 kg.<br \/>\n<span style=\"font-size: 1rem;\">-Protecci\u00f3n contra lavado con \u00edndice de protecci\u00f3n IP66.<br \/>\n<\/span><span style=\"font-size: 1rem;\">-Pantalla LED ROJA.<br \/>\n<\/span>-Indicadores HI-LO-GO con salida de zumbador configurable.<br \/>\n-La electr\u00f3nica sellada mejor\u00f3 la resistencia al agua y al polvo.<br \/>\n-Construcci\u00f3n resistente con topes de sobrecarga y subcarga.<br \/>\n-Compensaci\u00f3n de gravedad.<br \/>\n-Bater\u00eda recargable incorporada y alimentaci\u00f3n externa.<br \/>\n-Tama\u00f1o de la sart\u00e9n: 210 x 250 mm<\/p>\n","protected":false},"excerpt":{"rendered":"<p>-Capacidad: 6000 kg. -Protecci\u00f3n contra lavado con \u00edndice de protecci\u00f3n IP66. -Pantalla LED ROJA. -Indicadores HI-LO-GO con salida de zumbador configurable. -La electr\u00f3nica sellada mejor\u00f3 la resistencia al agua y al polvo. -Construcci\u00f3n resistente con topes de sobrecarga y subcarga. -Compensaci\u00f3n de gravedad. -Bater\u00eda recargable incorporada y alimentaci\u00f3n externa. -Tama\u00f1o de la sart\u00e9n: 210 x [&hellip;]<\/p>\n","protected":false},"featured_media":131,"comment_status":"open","ping_status":"closed","template":"","meta":[],"product_cat":[21],"product_tag":[],"class_list":{"0":"post-127","1":"product","2":"type-product","3":"status-publish","4":"has-post-thumbnail","6":"product_cat-comercial","8":"first","9":"instock","10":"taxable","11":"shipping-taxable","12":"product-type-simple"},"jetpack_sharing_enabled":true,"_links":{"self":[{"href":"https:\/\/sapsa.cr\/index.php\/wp-json\/wp\/v2\/product\/127","targetHints":{"allow":["GET"]}}],"collection":[{"href":"https:\/\/sapsa.cr\/index.php\/wp-json\/wp\/v2\/product"}],"about":[{"href":"https:\/\/sapsa.cr\/index.php\/wp-json\/wp\/v2\/types\/product"}],"replies":[{"embeddable":true,"href":"https:\/\/sapsa.cr\/index.php\/wp-json\/wp\/v2\/comments?post=127"}],"wp:featuredmedia":[{"embeddable":true,"href":"https:\/\/sapsa.cr\/index.php\/wp-json\/wp\/v2\/media\/131"}],"wp:attachment":[{"href":"https:\/\/sapsa.cr\/index.php\/wp-json\/wp\/v2\/media?parent=127"}],"wp:term":[{"taxonomy":"product_cat","embeddable":true,"href":"https:\/\/sapsa.cr\/index.php\/wp-json\/wp\/v2\/product_cat?post=127"},{"taxonomy":"product_tag","embeddable":true,"href":"https:\/\/sapsa.cr\/index.php\/wp-json\/wp\/v2\/product_tag?post=127"}],"curies":[{"name":"wp","href":"https:\/\/api.w.org\/{rel}","templated":true}]}}