{"id":540,"date":"2022-03-24T23:24:17","date_gmt":"2022-03-24T23:24:17","guid":{"rendered":"https:\/\/sapsa.cr\/?page_id=540"},"modified":"2022-03-25T00:35:11","modified_gmt":"2022-03-25T00:35:11","slug":"agro-mafa","status":"publish","type":"page","link":"https:\/\/sapsa.cr\/index.php\/agro-mafa\/","title":{"rendered":"AGRO | MAFA"},"content":{"rendered":"\n<h3 class=\"wp-block-heading\"><p style=\"color:#168e0f;\">APLICACI\u00d3N<\/p><\/h3>\n\n\n\n<hr class=\"wp-block-separator\"\/>\n\n\n\n<p>20 Litros de fertilizante por 200 litros de agua.<\/p>\n\n\n\n<hr class=\"wp-block-separator\"\/>\n\n\n\n<ul class=\"wp-block-list\"><li>Melaza de ca\u00f1a, estimulante de la microflora del suelo, que a su vez forma materia org\u00e1nica.<\/li><li>Microorganismo de monta\u00f1a, promueve y benefician la nutrici\u00f3n y crecimiento de las plantas.<\/li><li>Polvo de roca, utilizada en la agricultura ecol\u00f3gica, de origen natural con capacidad de suministrar al suelo MACRO Y MICRO-NUTRIENTES de liberaci\u00f3n lenta. <\/li><\/ul>\n\n\n\n<div class=\"wp-block-jetpack-tiled-gallery aligncenter is-style-rectangular\"><div class=\"tiled-gallery__gallery\"><div class=\"tiled-gallery__row\"><div class=\"tiled-gallery__col\" style=\"flex-basis:45.04055%\"><figure class=\"tiled-gallery__item\"><img decoding=\"async\" srcset=\"https:\/\/i1.wp.com\/sapsa.cr\/wp-content\/uploads\/2022\/03\/AgroMafaSapsa-1024x814.jpeg?strip=info&#038;w=600&#038;ssl=1 600w,https:\/\/i1.wp.com\/sapsa.cr\/wp-content\/uploads\/2022\/03\/AgroMafaSapsa-1024x814.jpeg?strip=info&#038;w=900&#038;ssl=1 900w,https:\/\/i1.wp.com\/sapsa.cr\/wp-content\/uploads\/2022\/03\/AgroMafaSapsa-1024x814.jpeg?strip=info&#038;w=1200&#038;ssl=1 1200w,https:\/\/i1.wp.com\/sapsa.cr\/wp-content\/uploads\/2022\/03\/AgroMafaSapsa-1024x814.jpeg?strip=info&#038;w=1500&#038;ssl=1 1500w,https:\/\/i1.wp.com\/sapsa.cr\/wp-content\/uploads\/2022\/03\/AgroMafaSapsa-1024x814.jpeg?strip=info&#038;w=1600&#038;ssl=1 1600w\" alt=\"\" data-height=\"1272\" data-id=\"549\" data-link=\"https:\/\/sapsa.cr\/index.php\/agro-mafa\/agromafasapsa\/\" data-url=\"https:\/\/sapsa.cr\/wp-content\/uploads\/2022\/03\/AgroMafaSapsa-1024x814.jpeg\" data-width=\"1600\" src=\"https:\/\/i1.wp.com\/sapsa.cr\/wp-content\/uploads\/2022\/03\/AgroMafaSapsa-1024x814.jpeg?ssl=1\" data-amp-layout=\"responsive\"\/><\/figure><\/div><div class=\"tiled-gallery__col\" style=\"flex-basis:54.95945%\"><figure class=\"tiled-gallery__item\"><img decoding=\"async\" srcset=\"https:\/\/i2.wp.com\/sapsa.cr\/wp-content\/uploads\/2022\/03\/image.jpeg?strip=info&#038;w=278&#038;ssl=1 278w\" alt=\"\" data-height=\"181\" data-id=\"541\" data-link=\"https:\/\/sapsa.cr\/index.php\/agro-mafa\/image\/\" data-url=\"https:\/\/sapsa.cr\/wp-content\/uploads\/2022\/03\/image.jpeg\" data-width=\"278\" src=\"https:\/\/i2.wp.com\/sapsa.cr\/wp-content\/uploads\/2022\/03\/image.jpeg?ssl=1\" data-amp-layout=\"responsive\"\/><\/figure><\/div><\/div><\/div><\/div>\n\n\n\n<div class=\"wp-block-columns is-layout-flex wp-container-core-columns-is-layout-9d6595d7 wp-block-columns-is-layout-flex\">\n<div class=\"wp-block-column is-layout-flow wp-block-column-is-layout-flow\">\n<p style=\"color:#168e0f;\">BENEFICIO DEL FERTILIZANTE ORG\u00c1NICO <\/p>\n\n\n\n<ol class=\"wp-block-list\"><li>Mejora la permeabilizaci\u00f3n y oxigenaci\u00f3n del suelo en que se aplica tanto a nivel de estructura como sus propiedades f\u00edsicas y biol\u00f3gicas.<\/li><li>Fija el carbono en el suelo y facilita la absorci\u00f3n de la humedad.<\/li><li>Funciona para la brotaci\u00f3n, coloraci\u00f3n y fortaleza del follaje o pastos.<\/li><li>Estipulaci\u00f3n las ra\u00edces y nutre el suelo.<\/li><li>Parte de los ingredientes se obtiene de la propia finca.  <\/li><\/ol>\n<\/div>\n\n\n\n<div class=\"wp-block-column is-layout-flow wp-block-column-is-layout-flow\">\n<H3><p style=\"color:#168e0f;\">CONT\u00c1CTENOS AGROMAFA <\/p><\/H3>\n\n\n\n<p>Elaborado con 85% de materia org\u00e1nica, con el fin de reducir la contaminaci\u00f3n y dejar huella ecol\u00f3gica. <\/p>\n\n\n\n<H4><p style=\"color:#168e0f;\">Fincas modelos:<\/p><\/H4p>\n\n\n\n<p><strong>Ganadera la Coru\u00f1a S.A<\/strong><br>San Joaqu\u00edn de Cutris.<br><strong>Finca Do\u00f1a Ana<\/strong><br>San Luis de la Tesalia<\/p>\n\n\n\n<div class=\"wp-block-jetpack-send-a-message\">\n<div class=\"wp-block-jetpack-whatsapp-button is-color-dark\"><a class=\"whatsapp-block__button\" href=\"https:\/\/api.whatsapp.com\/send?phone=50687925715&amp;text=Hola%2C%20tengo%20tu%20informaci%C3%B3n%20de%20WhatsApp%20de%20tu%20web.\" style=\"background-color:#25D366;color:#fff\" target=\"_self\" rel=\"noopener noreferrer\">Jorge Juan Quesada Arroyo<\/a><\/div>\n<\/div>\n<\/div>\n<\/div>\n\n\n\n<div class=\"wp-block-image is-style-rounded\"><figure class=\"aligncenter size-full\"><img loading=\"lazy\" decoding=\"async\" width=\"719\" height=\"718\" src=\"https:\/\/sapsa.cr\/wp-content\/uploads\/2022\/03\/Mafa.jpeg\" alt=\"\" class=\"wp-image-555\" srcset=\"https:\/\/sapsa.cr\/wp-content\/uploads\/2022\/03\/Mafa.jpeg 719w, https:\/\/sapsa.cr\/wp-content\/uploads\/2022\/03\/Mafa-300x300.jpeg 300w, https:\/\/sapsa.cr\/wp-content\/uploads\/2022\/03\/Mafa-150x150.jpeg 150w, https:\/\/sapsa.cr\/wp-content\/uploads\/2022\/03\/Mafa-100x100.jpeg 100w, https:\/\/sapsa.cr\/wp-content\/uploads\/2022\/03\/Mafa-600x599.jpeg 600w\" sizes=\"auto, (max-width: 719px) 100vw, 719px\" \/><\/figure><\/div>\n\n\n\n<p><\/p>\n","protected":false},"excerpt":{"rendered":"<p>APLICACI\u00d3N 20 Litros de fertilizante por 200 litros de agua. Melaza de ca\u00f1a, estimulante de la microflora del suelo, que a su vez forma materia org\u00e1nica. Microorganismo de monta\u00f1a, promueve y benefician la nutrici\u00f3n y crecimiento de las plantas. Polvo de roca, utilizada en la agricultura ecol\u00f3gica, de origen natural con capacidad de suministrar al [&hellip;]<\/p>\n","protected":false},"author":1,"featured_media":0,"parent":0,"menu_order":0,"comment_status":"closed","ping_status":"closed","template":"","meta":{"footnotes":""},"class_list":["post-540","page","type-page","status-publish","hentry"],"jetpack_sharing_enabled":true,"_links":{"self":[{"href":"https:\/\/sapsa.cr\/index.php\/wp-json\/wp\/v2\/pages\/540","targetHints":{"allow":["GET"]}}],"collection":[{"href":"https:\/\/sapsa.cr\/index.php\/wp-json\/wp\/v2\/pages"}],"about":[{"href":"https:\/\/sapsa.cr\/index.php\/wp-json\/wp\/v2\/types\/page"}],"author":[{"embeddable":true,"href":"https:\/\/sapsa.cr\/index.php\/wp-json\/wp\/v2\/users\/1"}],"replies":[{"embeddable":true,"href":"https:\/\/sapsa.cr\/index.php\/wp-json\/wp\/v2\/comments?post=540"}],"version-history":[{"count":7,"href":"https:\/\/sapsa.cr\/index.php\/wp-json\/wp\/v2\/pages\/540\/revisions"}],"predecessor-version":[{"id":556,"href":"https:\/\/sapsa.cr\/index.php\/wp-json\/wp\/v2\/pages\/540\/revisions\/556"}],"wp:attachment":[{"href":"https:\/\/sapsa.cr\/index.php\/wp-json\/wp\/v2\/media?parent=540"}],"curies":[{"name":"wp","href":"https:\/\/api.w.org\/{rel}","templated":true}]}}