{"id":320,"date":"2022-03-02T01:30:31","date_gmt":"2022-03-02T01:30:31","guid":{"rendered":"https:\/\/sapsa.cr\/?page_id=320"},"modified":"2023-03-10T21:27:31","modified_gmt":"2023-03-10T21:27:31","slug":"la-empresa","status":"publish","type":"page","link":"https:\/\/sapsa.cr\/index.php\/la-empresa\/","title":{"rendered":"EMPRESA"},"content":{"rendered":"\n<p><strong>Sobre nosotros<\/strong><\/p>\n\n\n\n<p>Nuestra empresa est\u00e1 compuesta por profesionales comprometidos con este proyecto empresarial, donde depositan todo su empe\u00f1o.<\/p>\n\n\n\n<p>Ofrecer soluciones t\u00e9cnicas en tecnolog\u00edas de sistemas agroindustriales de pesaje, automatizaciones, electricidad, electr\u00f3nico, mantenimiento preventivo y correctivo. En el campo industrial y comerciales de vanguardia tecnol\u00f3gica para ayudar a lograr los objetivos de rentabilidad y eficiencia a nuestros aliados de negocios, socios y nuestros clientes.<\/p>\n\n\n\n<figure class=\"wp-block-gallery has-nested-images columns-default is-cropped wp-block-gallery-1 is-layout-flex wp-block-gallery-is-layout-flex\">\n<figure class=\"wp-block-image size-full is-style-rounded\"><img loading=\"lazy\" decoding=\"async\" width=\"768\" height=\"1024\" data-id=\"325\" src=\"https:\/\/sapsa.cr\/wp-content\/uploads\/2022\/03\/Reparacion-768x1024.jpg\" alt=\"\" class=\"wp-image-325\" srcset=\"https:\/\/sapsa.cr\/wp-content\/uploads\/2022\/03\/Reparacion-768x1024.jpg 768w, https:\/\/sapsa.cr\/wp-content\/uploads\/2022\/03\/Reparacion-225x300.jpg 225w, https:\/\/sapsa.cr\/wp-content\/uploads\/2022\/03\/Reparacion-1152x1536.jpg 1152w, https:\/\/sapsa.cr\/wp-content\/uploads\/2022\/03\/Reparacion-1536x2048.jpg 1536w, https:\/\/sapsa.cr\/wp-content\/uploads\/2022\/03\/Reparacion-600x800.jpg 600w, https:\/\/sapsa.cr\/wp-content\/uploads\/2022\/03\/Reparacion-scaled.jpg 1920w\" sizes=\"auto, (max-width: 768px) 100vw, 768px\" \/><\/figure>\n<\/figure>\n\n\n\n<div class=\"wp-block-jetpack-slideshow aligncenter\" data-autoplay=\"true\" data-delay=\"4\" data-effect=\"slide\"><div class=\"wp-block-jetpack-slideshow_container swiper-container\"><ul class=\"wp-block-jetpack-slideshow_swiper-wrapper swiper-wrapper\"><li class=\"wp-block-jetpack-slideshow_slide swiper-slide\"><figure><img loading=\"lazy\" decoding=\"async\" width=\"1024\" height=\"794\" alt=\"\" class=\"wp-block-jetpack-slideshow_image wp-image-779\" data-id=\"779\" src=\"https:\/\/sapsa.cr\/wp-content\/uploads\/2023\/03\/CERTIFICADO-TUPUNATRON-002-1024x794.png\" srcset=\"https:\/\/sapsa.cr\/wp-content\/uploads\/2023\/03\/CERTIFICADO-TUPUNATRON-002-1024x794.png 1024w, https:\/\/sapsa.cr\/wp-content\/uploads\/2023\/03\/CERTIFICADO-TUPUNATRON-002-300x233.png 300w, https:\/\/sapsa.cr\/wp-content\/uploads\/2023\/03\/CERTIFICADO-TUPUNATRON-002-768x596.png 768w, https:\/\/sapsa.cr\/wp-content\/uploads\/2023\/03\/CERTIFICADO-TUPUNATRON-002-1536x1191.png 1536w, https:\/\/sapsa.cr\/wp-content\/uploads\/2023\/03\/CERTIFICADO-TUPUNATRON-002-2048x1589.png 2048w, https:\/\/sapsa.cr\/wp-content\/uploads\/2023\/03\/CERTIFICADO-TUPUNATRON-002-600x465.png 600w\" sizes=\"auto, (max-width: 1024px) 100vw, 1024px\" \/><\/figure><\/li><li class=\"wp-block-jetpack-slideshow_slide swiper-slide\"><figure><img loading=\"lazy\" decoding=\"async\" width=\"744\" height=\"1024\" alt=\"\" class=\"wp-block-jetpack-slideshow_image wp-image-778\" data-id=\"778\" src=\"https:\/\/sapsa.cr\/wp-content\/uploads\/2023\/03\/Certificado-Distribuidor-Autorizado-744x1024.png\" srcset=\"https:\/\/sapsa.cr\/wp-content\/uploads\/2023\/03\/Certificado-Distribuidor-Autorizado-744x1024.png 744w, https:\/\/sapsa.cr\/wp-content\/uploads\/2023\/03\/Certificado-Distribuidor-Autorizado-218x300.png 218w, https:\/\/sapsa.cr\/wp-content\/uploads\/2023\/03\/Certificado-Distribuidor-Autorizado-768x1057.png 768w, https:\/\/sapsa.cr\/wp-content\/uploads\/2023\/03\/Certificado-Distribuidor-Autorizado-1117x1536.png 1117w, https:\/\/sapsa.cr\/wp-content\/uploads\/2023\/03\/Certificado-Distribuidor-Autorizado-1489x2048.png 1489w, https:\/\/sapsa.cr\/wp-content\/uploads\/2023\/03\/Certificado-Distribuidor-Autorizado-600x825.png 600w\" sizes=\"auto, (max-width: 744px) 100vw, 744px\" \/><\/figure><\/li><\/ul><a class=\"wp-block-jetpack-slideshow_button-prev swiper-button-prev swiper-button-white\" role=\"button\"><\/a><a class=\"wp-block-jetpack-slideshow_button-next swiper-button-next swiper-button-white\" role=\"button\"><\/a><a aria-label=\"Pause Slideshow\" class=\"wp-block-jetpack-slideshow_button-pause\" role=\"button\"><\/a><div class=\"wp-block-jetpack-slideshow_pagination swiper-pagination swiper-pagination-white\"><\/div><\/div><\/div>\n","protected":false},"excerpt":{"rendered":"<p>Sobre nosotros Nuestra empresa est\u00e1 compuesta por profesionales comprometidos con este proyecto empresarial, donde depositan todo su empe\u00f1o. Ofrecer soluciones t\u00e9cnicas en tecnolog\u00edas de sistemas agroindustriales de pesaje, automatizaciones, electricidad, electr\u00f3nico, mantenimiento preventivo y correctivo. En el campo industrial y comerciales de vanguardia tecnol\u00f3gica para ayudar a lograr los objetivos de rentabilidad y eficiencia a [&hellip;]<\/p>\n","protected":false},"author":1,"featured_media":0,"parent":0,"menu_order":0,"comment_status":"closed","ping_status":"closed","template":"","meta":{"footnotes":""},"class_list":["post-320","page","type-page","status-publish","hentry"],"jetpack_sharing_enabled":true,"_links":{"self":[{"href":"https:\/\/sapsa.cr\/index.php\/wp-json\/wp\/v2\/pages\/320","targetHints":{"allow":["GET"]}}],"collection":[{"href":"https:\/\/sapsa.cr\/index.php\/wp-json\/wp\/v2\/pages"}],"about":[{"href":"https:\/\/sapsa.cr\/index.php\/wp-json\/wp\/v2\/types\/page"}],"author":[{"embeddable":true,"href":"https:\/\/sapsa.cr\/index.php\/wp-json\/wp\/v2\/users\/1"}],"replies":[{"embeddable":true,"href":"https:\/\/sapsa.cr\/index.php\/wp-json\/wp\/v2\/comments?post=320"}],"version-history":[{"count":3,"href":"https:\/\/sapsa.cr\/index.php\/wp-json\/wp\/v2\/pages\/320\/revisions"}],"predecessor-version":[{"id":787,"href":"https:\/\/sapsa.cr\/index.php\/wp-json\/wp\/v2\/pages\/320\/revisions\/787"}],"wp:attachment":[{"href":"https:\/\/sapsa.cr\/index.php\/wp-json\/wp\/v2\/media?parent=320"}],"curies":[{"name":"wp","href":"https:\/\/api.w.org\/{rel}","templated":true}]}}