{"id":102,"date":"2022-02-25T15:46:14","date_gmt":"2022-02-25T15:46:14","guid":{"rendered":"https:\/\/sapsa.cr\/?page_id=102"},"modified":"2022-03-06T01:33:06","modified_gmt":"2022-03-06T01:33:06","slug":"mantenimiento-preventivo-y-correctivo","status":"publish","type":"page","link":"https:\/\/sapsa.cr\/index.php\/mantenimiento-preventivo-y-correctivo\/","title":{"rendered":"Servicios"},"content":{"rendered":"\n<p>\u00bfSab\u00eda que un mantenimiento adecuado de la balanza puede prolongar la vida \u00fatil de su equipo de pesaje? <\/p>\n\n\n\n<p class=\"has-text-align-left\"><strong>Mantenimiento preventivo y correctivo<\/strong><br>Verificaci\u00f3n de resistencia \u00d3hmica, milivoltios, revisi\u00f3n del estado de los cables, caja de sumas y comprobaci\u00f3n de peso. Verificaci\u00f3n del indicador de peso, funciones, estado de componentes.<br>Revisi\u00f3n y reparaci\u00f3n de equipos de pesaje<\/p>\n\n\n\n<p class=\"has-text-align-left\">En caso de un componente en mal estado se informara para su dicho cambio.<\/p>\n\n\n\n<div class=\"wp-block-group\"><div class=\"wp-block-group__inner-container is-layout-flow wp-block-group-is-layout-flow\">\n<figure class=\"wp-block-gallery has-nested-images columns-default is-cropped wp-block-gallery-1 is-layout-flex wp-block-gallery-is-layout-flex\">\n<figure class=\"wp-block-image size-medium is-resized is-style-rounded\"><img loading=\"lazy\" decoding=\"async\" data-id=\"348\" src=\"https:\/\/sapsa.cr\/wp-content\/uploads\/2022\/03\/241332120_208515014662114_6309847459988833134_n-225x300.jpg\" alt=\"\" class=\"wp-image-348\" width=\"253\" height=\"337\" srcset=\"https:\/\/sapsa.cr\/wp-content\/uploads\/2022\/03\/241332120_208515014662114_6309847459988833134_n-225x300.jpg 225w, https:\/\/sapsa.cr\/wp-content\/uploads\/2022\/03\/241332120_208515014662114_6309847459988833134_n-768x1024.jpg 768w, https:\/\/sapsa.cr\/wp-content\/uploads\/2022\/03\/241332120_208515014662114_6309847459988833134_n-1152x1536.jpg 1152w, https:\/\/sapsa.cr\/wp-content\/uploads\/2022\/03\/241332120_208515014662114_6309847459988833134_n-600x800.jpg 600w, https:\/\/sapsa.cr\/wp-content\/uploads\/2022\/03\/241332120_208515014662114_6309847459988833134_n.jpg 1536w\" sizes=\"auto, (max-width: 253px) 100vw, 253px\" \/><\/figure>\n\n\n\n<figure class=\"wp-block-image size-medium is-style-rounded\"><img loading=\"lazy\" decoding=\"async\" width=\"526\" height=\"701\" data-id=\"317\" src=\"https:\/\/sapsa.cr\/wp-content\/uploads\/2022\/02\/259071627_261213152729214_4660001179105139525_n.jpg\" alt=\"\" class=\"wp-image-317\" srcset=\"https:\/\/sapsa.cr\/wp-content\/uploads\/2022\/02\/259071627_261213152729214_4660001179105139525_n.jpg 526w, https:\/\/sapsa.cr\/wp-content\/uploads\/2022\/02\/259071627_261213152729214_4660001179105139525_n-225x300.jpg 225w\" sizes=\"auto, (max-width: 526px) 100vw, 526px\" \/><\/figure>\n\n\n\n<figure class=\"wp-block-image size-medium is-style-rounded\"><img loading=\"lazy\" decoding=\"async\" width=\"1440\" height=\"2560\" data-id=\"108\" src=\"https:\/\/sapsa.cr\/wp-content\/uploads\/2022\/02\/IMG-20220223-WA0052-scaled.jpeg\" alt=\"\" class=\"wp-image-108\" srcset=\"https:\/\/sapsa.cr\/wp-content\/uploads\/2022\/02\/IMG-20220223-WA0052-scaled.jpeg 1440w, https:\/\/sapsa.cr\/wp-content\/uploads\/2022\/02\/IMG-20220223-WA0052-169x300.jpeg 169w, https:\/\/sapsa.cr\/wp-content\/uploads\/2022\/02\/IMG-20220223-WA0052-576x1024.jpeg 576w, https:\/\/sapsa.cr\/wp-content\/uploads\/2022\/02\/IMG-20220223-WA0052-768x1365.jpeg 768w, https:\/\/sapsa.cr\/wp-content\/uploads\/2022\/02\/IMG-20220223-WA0052-864x1536.jpeg 864w, https:\/\/sapsa.cr\/wp-content\/uploads\/2022\/02\/IMG-20220223-WA0052-1152x2048.jpeg 1152w, https:\/\/sapsa.cr\/wp-content\/uploads\/2022\/02\/IMG-20220223-WA0052-600x1067.jpeg 600w\" sizes=\"auto, (max-width: 1440px) 100vw, 1440px\" \/><\/figure>\n<\/figure>\n<\/div><\/div>\n\n\n\n<p><strong>Sistemas de automatizaci\u00f3n, dosificaci\u00f3n y control de procesos<\/strong><\/p>\n\n\n\n<figure class=\"wp-block-gallery has-nested-images columns-default is-cropped wp-block-gallery-2 is-layout-flex wp-block-gallery-is-layout-flex\">\n<figure class=\"wp-block-image size-large is-style-rounded\"><img loading=\"lazy\" decoding=\"async\" width=\"720\" height=\"960\" data-id=\"353\" src=\"https:\/\/sapsa.cr\/wp-content\/uploads\/2022\/03\/236820514_4399388756819421_6022270638337109673_n.jpg\" alt=\"\" class=\"wp-image-353\" srcset=\"https:\/\/sapsa.cr\/wp-content\/uploads\/2022\/03\/236820514_4399388756819421_6022270638337109673_n.jpg 720w, https:\/\/sapsa.cr\/wp-content\/uploads\/2022\/03\/236820514_4399388756819421_6022270638337109673_n-225x300.jpg 225w, https:\/\/sapsa.cr\/wp-content\/uploads\/2022\/03\/236820514_4399388756819421_6022270638337109673_n-600x800.jpg 600w\" sizes=\"auto, (max-width: 720px) 100vw, 720px\" \/><\/figure>\n\n\n\n<figure class=\"wp-block-image size-large is-style-rounded\"><img loading=\"lazy\" decoding=\"async\" width=\"526\" height=\"701\" data-id=\"354\" src=\"https:\/\/sapsa.cr\/wp-content\/uploads\/2022\/03\/272799218_304690505048145_2421017819736958099_n.jpg\" alt=\"\" class=\"wp-image-354\" srcset=\"https:\/\/sapsa.cr\/wp-content\/uploads\/2022\/03\/272799218_304690505048145_2421017819736958099_n.jpg 526w, https:\/\/sapsa.cr\/wp-content\/uploads\/2022\/03\/272799218_304690505048145_2421017819736958099_n-225x300.jpg 225w\" sizes=\"auto, (max-width: 526px) 100vw, 526px\" \/><\/figure>\n\n\n\n<figure class=\"wp-block-image size-large is-style-rounded\"><img loading=\"lazy\" decoding=\"async\" width=\"526\" height=\"701\" data-id=\"356\" src=\"https:\/\/sapsa.cr\/wp-content\/uploads\/2022\/03\/272450242_304691425048053_4337978289968766422_n.jpg\" alt=\"\" class=\"wp-image-356\" srcset=\"https:\/\/sapsa.cr\/wp-content\/uploads\/2022\/03\/272450242_304691425048053_4337978289968766422_n.jpg 526w, https:\/\/sapsa.cr\/wp-content\/uploads\/2022\/03\/272450242_304691425048053_4337978289968766422_n-225x300.jpg 225w\" sizes=\"auto, (max-width: 526px) 100vw, 526px\" \/><\/figure>\n<\/figure>\n\n\n\n<p><\/p>\n","protected":false},"excerpt":{"rendered":"<p>\u00bfSab\u00eda que un mantenimiento adecuado de la balanza puede prolongar la vida \u00fatil de su equipo de pesaje? Mantenimiento preventivo y correctivoVerificaci\u00f3n de resistencia \u00d3hmica, milivoltios, revisi\u00f3n del estado de los cables, caja de sumas y comprobaci\u00f3n de peso. Verificaci\u00f3n del indicador de peso, funciones, estado de componentes.Revisi\u00f3n y reparaci\u00f3n de equipos de pesaje En [&hellip;]<\/p>\n","protected":false},"author":1,"featured_media":0,"parent":0,"menu_order":0,"comment_status":"closed","ping_status":"closed","template":"","meta":{"footnotes":""},"class_list":["post-102","page","type-page","status-publish","hentry"],"jetpack_sharing_enabled":true,"_links":{"self":[{"href":"https:\/\/sapsa.cr\/index.php\/wp-json\/wp\/v2\/pages\/102","targetHints":{"allow":["GET"]}}],"collection":[{"href":"https:\/\/sapsa.cr\/index.php\/wp-json\/wp\/v2\/pages"}],"about":[{"href":"https:\/\/sapsa.cr\/index.php\/wp-json\/wp\/v2\/types\/page"}],"author":[{"embeddable":true,"href":"https:\/\/sapsa.cr\/index.php\/wp-json\/wp\/v2\/users\/1"}],"replies":[{"embeddable":true,"href":"https:\/\/sapsa.cr\/index.php\/wp-json\/wp\/v2\/comments?post=102"}],"version-history":[{"count":5,"href":"https:\/\/sapsa.cr\/index.php\/wp-json\/wp\/v2\/pages\/102\/revisions"}],"predecessor-version":[{"id":358,"href":"https:\/\/sapsa.cr\/index.php\/wp-json\/wp\/v2\/pages\/102\/revisions\/358"}],"wp:attachment":[{"href":"https:\/\/sapsa.cr\/index.php\/wp-json\/wp\/v2\/media?parent=102"}],"curies":[{"name":"wp","href":"https:\/\/api.w.org\/{rel}","templated":true}]}}